{"id":95,"date":"2016-04-18T10:11:45","date_gmt":"2016-04-18T09:11:45","guid":{"rendered":"http:\/\/www.petit-train-cite-carcassonne.com\/en\/?page_id=95"},"modified":"2026-01-08T11:27:03","modified_gmt":"2026-01-08T10:27:03","slug":"mentions-legales","status":"publish","type":"page","link":"https:\/\/www.petit-train-cite-carcassonne.com\/en\/mentions-legales\/","title":{"rendered":"Mentions l\u00e9gales"},"content":{"rendered":"<div class=\"wpb-content-wrapper\"><p>[vc_row][vc_column][vc_column_text]<\/p>\n<h3>Owner and Editor<\/h3>\n<p>SAS Barbaste petit train<br \/>\nR\u00e9sidence du Palais<br \/>\n49 rue d&#8217;Alsace<br \/>\n11000 CARCASSONNE<br \/>\nTel : 04 68 24 45 70<br \/>\nFax : 04 68 24 47 33<br \/>\nGSM : 06 08 43 88 06<\/p>\n<p>SIRET : 790 154 504 00027<\/p>\n<h3>Creator<\/h3>\n<p>R\u00e9sonance communication SARL<br \/>\n5 place Davilla<br \/>\n11000 Carcassonne<br \/>\nTel : 04 68 76 00 31<\/p>\n<h3>Host<\/h3>\n<p><a href=\"http:\/\/www.ovh.net\/\" target=\"_blank\" rel=\"noopener\">OVH<\/a> SARL<br \/>\n140, quai du Sartel<br \/>\n59100 ROUBAIX<br \/>\nTel : 08 99 70 17 61<br \/>\nFax : 03 20 20 09 58<\/p>\n<h3>Commentaires, remarques et suggestions<\/h3>\n<p>Le Petit Train de la CIt\u00e9 ne garantit pas que ce site soit exempt de d\u00e9faut, d&#8217;erreur ou d&#8217;omission. L&#8217;information qui y est contenue est destin\u00e9e \u00e0 vous apporter des indications g\u00e9n\u00e9rales et les mieux actualis\u00e9es possibles sur les sujets trait\u00e9s. Le Petit Train de la CIt\u00e9 ne saurait en aucun cas \u00eatre tenue responsable des \u00e9ventuels d\u00e9fauts, erreurs ou omissions existant dans ce site, ni de l&#8217;utilisation et de l&#8217;interpr\u00e9tation de l&#8217;information qu&#8217;il contient. La pr\u00e9sente clause de r\u00e9serve juridique n&#8217;a pas pour objet de limiter la responsabilit\u00e9 de la soci\u00e9t\u00e9 de mani\u00e8re contraire \u00e0 la l\u00e9gislation nationale applicable ni de l&#8217;exclure dans les cas o\u00f9 elle peut \u00eatre engag\u00e9e en vertu de ladite l\u00e9gislation.<\/p>\n<h3>Protection des donn\u00e9es personnelles, confidentialit\u00e9<\/h3>\n<p>Aucune information personnelle n&#8217;est collect\u00e9e \u00e0 votre insu. Aucune information personnelle n&#8217;est c\u00e9d\u00e9e \u00e0 des tiers. Pour toute collecte d&#8217;informations priv\u00e9es via le formulaire pr\u00e9sent sur ce site, vous disposez d&#8217;un droit d&#8217;acc\u00e8s, de modification, de rectification et de suppression des donn\u00e9es qui vous concernent conform\u00e9ment \u00e0 la loi du 6 janvier 1978 relative \u00e0 l&#8217;informatique, aux fichiers et aux libert\u00e9s.<br \/>\nPour l&#8217;exercer, adressez-vous \u00e0 :<br \/>\nSAS Barbaste petit train<br \/>\nR\u00e9sidence du Palais<br \/>\n49 rue d&#8217;Alsace<br \/>\n11000 CARCASSONNE<\/p>\n<h3>Cr\u00e9dit<\/h3>\n<p>Cr\u00e9dit Photos : Guy Ramaget &#8212; Alain Godard &#8211; Yves Cavailh\u00e9 &#8211; Louis Paul BARBASTE Petit Train de la Cit\u00e9 &#8211; R\u00e9sonance Communication.<\/p>\n<p>Icons: <a href=\"https:\/\/www.streamlinehq.com\/icons\" target=\"_blank\" rel=\"nofollow noopener noreferrer\">Free icons from Streamline<\/a>[\/vc_column_text][\/vc_column][\/vc_row]<\/p>\n<\/div>","protected":false},"excerpt":{"rendered":"<p>[vc_row][vc_column][vc_column_text] Owner and Editor SAS Barbaste petit train R\u00e9sidence du Palais 49 rue d&#8217;Alsace 11000 CARCASSONNE Tel : 04 68 24 45 70 Fax : 04 68 24 47 33 GSM : 06 08 43 88 06 SIRET : 790 154 504 00027 Creator R\u00e9sonance communication SARL 5 place Davilla 11000 Carcassonne Tel : 04&hellip;<\/p>\n","protected":false},"author":1,"featured_media":0,"parent":0,"menu_order":0,"comment_status":"closed","ping_status":"closed","template":"","meta":[],"class_list":["post-95","page","type-page","status-publish","hentry","description-off"],"_links":{"self":[{"href":"https:\/\/www.petit-train-cite-carcassonne.com\/en\/wp-json\/wp\/v2\/pages\/95","targetHints":{"allow":["GET"]}}],"collection":[{"href":"https:\/\/www.petit-train-cite-carcassonne.com\/en\/wp-json\/wp\/v2\/pages"}],"about":[{"href":"https:\/\/www.petit-train-cite-carcassonne.com\/en\/wp-json\/wp\/v2\/types\/page"}],"author":[{"embeddable":true,"href":"https:\/\/www.petit-train-cite-carcassonne.com\/en\/wp-json\/wp\/v2\/users\/1"}],"replies":[{"embeddable":true,"href":"https:\/\/www.petit-train-cite-carcassonne.com\/en\/wp-json\/wp\/v2\/comments?post=95"}],"version-history":[{"count":5,"href":"https:\/\/www.petit-train-cite-carcassonne.com\/en\/wp-json\/wp\/v2\/pages\/95\/revisions"}],"predecessor-version":[{"id":36427,"href":"https:\/\/www.petit-train-cite-carcassonne.com\/en\/wp-json\/wp\/v2\/pages\/95\/revisions\/36427"}],"wp:attachment":[{"href":"https:\/\/www.petit-train-cite-carcassonne.com\/en\/wp-json\/wp\/v2\/media?parent=95"}],"curies":[{"name":"wp","href":"https:\/\/api.w.org\/{rel}","templated":true}]}}